{"id":39,"date":"2018-10-16T16:10:40","date_gmt":"2018-10-16T16:10:40","guid":{"rendered":"http:\/\/physiotherapie-plass.de\/?page_id=39"},"modified":"2018-10-20T16:54:55","modified_gmt":"2018-10-20T16:54:55","slug":"home","status":"publish","type":"page","link":"https:\/\/physiotherapie-plass.de\/","title":{"rendered":"Home"},"content":{"rendered":"<p style=\"text-align: center;\">Zeit zu bewegen\u2026<\/p>\n<p style=\"text-align: center;\">\u2026 den K\u00f6rper bewegen \u2026<\/p>\n<p style=\"text-align: center;\">\u2026 Beschwerden lindern \u2026<\/p>\n<p style=\"text-align: center;\">\u2026 Wohlbefinden aufbauen \u2026<\/p>\n<p style=\"text-align: center;\">\u2026 der Gesundheit auf die Spr\u00fcnge helfen \u2026<\/p>\n<p style=\"text-align: center;\">Unter diesem Motto m\u00f6chte ich Sie einladen mehr \u00fcber den ganzheitlichen Therapieansatz der Praxis f\u00fcr Physiotherapie Plass\u00a0 in Erfahrung zu bringen.<\/p>\n<p style=\"text-align: center;\">Ihr Team Plass<\/p>\n","protected":false},"excerpt":{"rendered":"<p>Zeit zu bewegen\u2026 \u2026 den K\u00f6rper bewegen \u2026 \u2026 Beschwerden lindern \u2026 \u2026 Wohlbefinden aufbauen \u2026 \u2026 der Gesundheit auf die Spr\u00fcnge helfen \u2026 Unter diesem Motto m\u00f6chte ich Sie einladen mehr \u00fcber den ganzheitlichen Therapieansatz der Praxis f\u00fcr Physiotherapie Plass\u00a0 in Erfahrung zu bringen. Ihr Team Plass<\/p>\n","protected":false},"author":1,"featured_media":0,"parent":0,"menu_order":0,"comment_status":"closed","ping_status":"closed","template":"","meta":{"_exactmetrics_skip_tracking":false,"_exactmetrics_sitenote_active":false,"_exactmetrics_sitenote_note":"","_exactmetrics_sitenote_category":0,"footnotes":""},"class_list":["post-39","page","type-page","status-publish","hentry"],"_links":{"self":[{"href":"https:\/\/physiotherapie-plass.de\/index.php?rest_route=\/wp\/v2\/pages\/39","targetHints":{"allow":["GET"]}}],"collection":[{"href":"https:\/\/physiotherapie-plass.de\/index.php?rest_route=\/wp\/v2\/pages"}],"about":[{"href":"https:\/\/physiotherapie-plass.de\/index.php?rest_route=\/wp\/v2\/types\/page"}],"author":[{"embeddable":true,"href":"https:\/\/physiotherapie-plass.de\/index.php?rest_route=\/wp\/v2\/users\/1"}],"replies":[{"embeddable":true,"href":"https:\/\/physiotherapie-plass.de\/index.php?rest_route=%2Fwp%2Fv2%2Fcomments&post=39"}],"version-history":[{"count":8,"href":"https:\/\/physiotherapie-plass.de\/index.php?rest_route=\/wp\/v2\/pages\/39\/revisions"}],"predecessor-version":[{"id":167,"href":"https:\/\/physiotherapie-plass.de\/index.php?rest_route=\/wp\/v2\/pages\/39\/revisions\/167"}],"wp:attachment":[{"href":"https:\/\/physiotherapie-plass.de\/index.php?rest_route=%2Fwp%2Fv2%2Fmedia&parent=39"}],"curies":[{"name":"wp","href":"https:\/\/api.w.org\/{rel}","templated":true}]}}